{"id":128,"date":"2010-10-25T23:14:45","date_gmt":"2010-10-25T21:14:45","guid":{"rendered":"http:\/\/www.sb-pottenstein.de\/?page_id=128"},"modified":"2022-08-24T11:24:55","modified_gmt":"2022-08-24T09:24:55","slug":"bestellung-von-gebetsgedenken","status":"publish","type":"page","link":"https:\/\/wp.patrick-pospischil.de\/sbpottenstein\/wie-kann-ich\/bestellung-von-gebetsgedenken\/","title":{"rendered":"Bestellung von Gebetsgedenken"},"content":{"rendered":"<p>Gebetsgedanken, die sog. Intentionen,\u00a0in Eucharistiefeiern k\u00f6nnen Sie in den jeweiligen Pfarrb\u00fcros bestellen. F\u00fcr ein Gedenken erh\u00e4lt die Gemeinde eine Gabe von 10 Euro. Diese Gabe geht zum Teil in die Mission und teilweise verbleibt sie in der Pfarrei.<\/p>\n<p>Die Gedenken k\u00f6nnen Sie gerne pers\u00f6nlich, telefonisch oder per E-Mail in den jeweiligen B\u00fcros bestellen:<br \/>\n<a href=\"http:\/\/www.seelsorgebereich-pottenstein.de\/kontakt\/\">Kontaktdaten und \u00d6ffnungszeiten unserer Pfarrb\u00fcros<\/a><\/p>\n","protected":false},"excerpt":{"rendered":"<p>Gebetsgedanken, die sog. Intentionen,\u00a0in Eucharistiefeiern k\u00f6nnen Sie in den jeweiligen Pfarrb\u00fcros bestellen. F\u00fcr ein Gedenken erh\u00e4lt die Gemeinde eine Gabe von 10 Euro. Diese Gabe geht zum Teil in die Mission und teilweise verbleibt sie in der Pfarrei. Die Gedenken k\u00f6nnen Sie gerne pers\u00f6nlich, telefonisch oder per E-Mail in den jeweiligen B\u00fcros bestellen: Kontaktdaten und [&hellip;]<\/p>\n","protected":false},"author":1,"featured_media":0,"parent":110,"menu_order":35,"comment_status":"closed","ping_status":"closed","template":"","meta":{"ngg_post_thumbnail":0,"footnotes":""},"class_list":["post-128","page","type-page","status-publish","hentry"],"publishpress_future_action":{"enabled":false,"date":"2026-05-07 13:01:39","action":"change-status","newStatus":"draft","terms":[],"taxonomy":""},"publishpress_future_workflow_manual_trigger":{"enabledWorkflows":[]},"_links":{"self":[{"href":"https:\/\/wp.patrick-pospischil.de\/sbpottenstein\/wp-json\/wp\/v2\/pages\/128","targetHints":{"allow":["GET"]}}],"collection":[{"href":"https:\/\/wp.patrick-pospischil.de\/sbpottenstein\/wp-json\/wp\/v2\/pages"}],"about":[{"href":"https:\/\/wp.patrick-pospischil.de\/sbpottenstein\/wp-json\/wp\/v2\/types\/page"}],"author":[{"embeddable":true,"href":"https:\/\/wp.patrick-pospischil.de\/sbpottenstein\/wp-json\/wp\/v2\/users\/1"}],"replies":[{"embeddable":true,"href":"https:\/\/wp.patrick-pospischil.de\/sbpottenstein\/wp-json\/wp\/v2\/comments?post=128"}],"version-history":[{"count":6,"href":"https:\/\/wp.patrick-pospischil.de\/sbpottenstein\/wp-json\/wp\/v2\/pages\/128\/revisions"}],"predecessor-version":[{"id":3314,"href":"https:\/\/wp.patrick-pospischil.de\/sbpottenstein\/wp-json\/wp\/v2\/pages\/128\/revisions\/3314"}],"up":[{"embeddable":true,"href":"https:\/\/wp.patrick-pospischil.de\/sbpottenstein\/wp-json\/wp\/v2\/pages\/110"}],"wp:attachment":[{"href":"https:\/\/wp.patrick-pospischil.de\/sbpottenstein\/wp-json\/wp\/v2\/media?parent=128"}],"curies":[{"name":"wp","href":"https:\/\/api.w.org\/{rel}","templated":true}]}}