{"id":124,"date":"2010-10-25T23:14:01","date_gmt":"2010-10-25T21:14:01","guid":{"rendered":"http:\/\/www.sb-pottenstein.de\/?page_id=124"},"modified":"2022-08-24T11:23:28","modified_gmt":"2022-08-24T09:23:28","slug":"krankenkommunion","status":"publish","type":"page","link":"https:\/\/wp.patrick-pospischil.de\/sbpottenstein\/wie-kann-ich\/krankenkommunion\/","title":{"rendered":"Krankenkommunion"},"content":{"rendered":"<p>Gerade in Zeiten der Krankheit ist es gut sich nicht nur von einem Arzt st\u00e4rken zu lassen. In der Hl. Kommunion will Jesus den Kranken in der Gestalt des Brotes begegnen und f\u00fcr sie zu einer Quelle der Kraft werden.<\/p>\n<p>Unser Pfarrvikar Dominik Urban vereinbart individuelle Besuchstermine. Wenn Sie einen Besuch w\u00fcnschen, wenden Sie sich bitte an Ihr Pfarrb\u00fcro vor Ort oder direkt an das Pfarrb\u00fcro in Pottenstein 09243\/92130.<\/p>\n<p>&nbsp;<\/p>\n","protected":false},"excerpt":{"rendered":"<p>Gerade in Zeiten der Krankheit ist es gut sich nicht nur von einem Arzt st\u00e4rken zu lassen. In der Hl. Kommunion will Jesus den Kranken in der Gestalt des Brotes begegnen und f\u00fcr sie zu einer Quelle der Kraft werden. Unser Pfarrvikar Dominik Urban vereinbart individuelle Besuchstermine. Wenn Sie einen Besuch w\u00fcnschen, wenden Sie sich [&hellip;]<\/p>\n","protected":false},"author":1,"featured_media":0,"parent":110,"menu_order":25,"comment_status":"closed","ping_status":"closed","template":"","meta":{"ngg_post_thumbnail":0,"footnotes":""},"class_list":["post-124","page","type-page","status-publish","hentry"],"publishpress_future_action":{"enabled":false,"date":"2026-05-06 04:05:55","action":"change-status","newStatus":"draft","terms":[],"taxonomy":""},"publishpress_future_workflow_manual_trigger":{"enabledWorkflows":[]},"_links":{"self":[{"href":"https:\/\/wp.patrick-pospischil.de\/sbpottenstein\/wp-json\/wp\/v2\/pages\/124","targetHints":{"allow":["GET"]}}],"collection":[{"href":"https:\/\/wp.patrick-pospischil.de\/sbpottenstein\/wp-json\/wp\/v2\/pages"}],"about":[{"href":"https:\/\/wp.patrick-pospischil.de\/sbpottenstein\/wp-json\/wp\/v2\/types\/page"}],"author":[{"embeddable":true,"href":"https:\/\/wp.patrick-pospischil.de\/sbpottenstein\/wp-json\/wp\/v2\/users\/1"}],"replies":[{"embeddable":true,"href":"https:\/\/wp.patrick-pospischil.de\/sbpottenstein\/wp-json\/wp\/v2\/comments?post=124"}],"version-history":[{"count":4,"href":"https:\/\/wp.patrick-pospischil.de\/sbpottenstein\/wp-json\/wp\/v2\/pages\/124\/revisions"}],"predecessor-version":[{"id":3313,"href":"https:\/\/wp.patrick-pospischil.de\/sbpottenstein\/wp-json\/wp\/v2\/pages\/124\/revisions\/3313"}],"up":[{"embeddable":true,"href":"https:\/\/wp.patrick-pospischil.de\/sbpottenstein\/wp-json\/wp\/v2\/pages\/110"}],"wp:attachment":[{"href":"https:\/\/wp.patrick-pospischil.de\/sbpottenstein\/wp-json\/wp\/v2\/media?parent=124"}],"curies":[{"name":"wp","href":"https:\/\/api.w.org\/{rel}","templated":true}]}}