{"id":119,"date":"2010-10-25T23:13:22","date_gmt":"2010-10-25T21:13:22","guid":{"rendered":"http:\/\/www.sb-pottenstein.de\/?page_id=119"},"modified":"2026-01-28T11:49:12","modified_gmt":"2026-01-28T10:49:12","slug":"firmung","status":"publish","type":"page","link":"https:\/\/wp.patrick-pospischil.de\/sbpottenstein\/firmung\/","title":{"rendered":"Firmung"},"content":{"rendered":"<h3>Firmung \u2013 Sakrament des Hl. Geistes<\/h3>\n<p>F\u00fcr das Christ-Sein bedeutet Firmung nach Taufe und Erstkommunion einen weiteren H\u00f6hepunkt. Mit der Firmung wird ein Christ vollst\u00e4ndig in die Kirche, d.h. in die Gemeinschaft aller auf Christi Namen Getauften, aufgenommen. Die Firmung ist die Vollendung der Taufe. Ab der Firmung ist ein Christ m\u00fcndig f\u00fcr das Leben in der Kirche. <strong>Firmung<\/strong> bedeutet <strong>St\u00e4rkung<\/strong> und <strong>Sendung<\/strong>: Ein Christ soll gest\u00e4rkt werden, d.h. der Glaube an Jesus und die Gemeinschaft mit Jesus sollen durch den <strong>Heiligen Geist<\/strong> diese St\u00e4rkung erfahren. Dies wird dadurch ausgedr\u00fcckt, dass bei der Firmung die H\u00e4nde aufgelegt werden (das ist in der Kirche von Anfang an ein Zeichen f\u00fcr das Geschenk des Heiligen Geistes, der uns Menschen so zugesprochen wird). Der Geist Gottes will die Gefirmten ausr\u00fcsten, damit sie als Jugendliche und sp\u00e4ter als Erwachsene firm, also stark sind f\u00fcr den Glaubensweg. In diesem Geschenk steckt gleichzeitig eine Verantwortung und Beauftragung (gemeint ist die <strong>pers\u00f6nliche Sendung<\/strong>), sich zu Jesus zu bekennen und den eigenen Glauben in der Kirche und in der Welt zu leben. Das Sakrament der Firmung wird im Seelsorgebreich\u00a0 Pottenstein und Umland in j\u00e4hrlichem Rhythmus gefeiert. Eingeladen, den Heiligen Geist zu empfangen, sind in der Regel Jugendliche der 8. Jahrgangsstufe.\u00a0 Die Vorbereitung auf die heilige Firmung erfolgt durch das Pastoralteam Pfarrer Norbert F\u00f6rster, Pfarrvikar Dominik Urban und Pastoralreferentin Katharina Lurz.<\/p>\n","protected":false},"excerpt":{"rendered":"<p>Firmung \u2013 Sakrament des Hl. Geistes F\u00fcr das Christ-Sein bedeutet Firmung nach Taufe und Erstkommunion einen weiteren H\u00f6hepunkt. Mit der Firmung wird ein Christ vollst\u00e4ndig in die Kirche, d.h. in die Gemeinschaft aller auf Christi Namen Getauften, aufgenommen. Die Firmung ist die Vollendung der Taufe. Ab der Firmung ist ein Christ m\u00fcndig f\u00fcr das Leben [&hellip;]<\/p>\n","protected":false},"author":1,"featured_media":0,"parent":0,"menu_order":15,"comment_status":"closed","ping_status":"closed","template":"","meta":{"ngg_post_thumbnail":0,"footnotes":""},"class_list":["post-119","page","type-page","status-publish","hentry"],"publishpress_future_action":{"enabled":false,"date":"2026-05-06 02:59:15","action":"change-status","newStatus":"draft","terms":[],"taxonomy":""},"publishpress_future_workflow_manual_trigger":{"enabledWorkflows":[]},"_links":{"self":[{"href":"https:\/\/wp.patrick-pospischil.de\/sbpottenstein\/wp-json\/wp\/v2\/pages\/119","targetHints":{"allow":["GET"]}}],"collection":[{"href":"https:\/\/wp.patrick-pospischil.de\/sbpottenstein\/wp-json\/wp\/v2\/pages"}],"about":[{"href":"https:\/\/wp.patrick-pospischil.de\/sbpottenstein\/wp-json\/wp\/v2\/types\/page"}],"author":[{"embeddable":true,"href":"https:\/\/wp.patrick-pospischil.de\/sbpottenstein\/wp-json\/wp\/v2\/users\/1"}],"replies":[{"embeddable":true,"href":"https:\/\/wp.patrick-pospischil.de\/sbpottenstein\/wp-json\/wp\/v2\/comments?post=119"}],"version-history":[{"count":8,"href":"https:\/\/wp.patrick-pospischil.de\/sbpottenstein\/wp-json\/wp\/v2\/pages\/119\/revisions"}],"predecessor-version":[{"id":3485,"href":"https:\/\/wp.patrick-pospischil.de\/sbpottenstein\/wp-json\/wp\/v2\/pages\/119\/revisions\/3485"}],"wp:attachment":[{"href":"https:\/\/wp.patrick-pospischil.de\/sbpottenstein\/wp-json\/wp\/v2\/media?parent=119"}],"curies":[{"name":"wp","href":"https:\/\/api.w.org\/{rel}","templated":true}]}}