{"id":112,"date":"2010-10-25T23:12:19","date_gmt":"2010-10-25T21:12:19","guid":{"rendered":"http:\/\/www.sb-pottenstein.de\/?page_id=112"},"modified":"2026-01-14T13:14:42","modified_gmt":"2026-01-14T12:14:42","slug":"taufe","status":"publish","type":"page","link":"https:\/\/wp.patrick-pospischil.de\/sbpottenstein\/wie-kann-ich\/taufe\/","title":{"rendered":"Taufe"},"content":{"rendered":"<h2>Die Taufe meines Kindes feiern<\/h2>\n<p><a href=\"http:\/\/wp.patrick-pospischil.de\/sbpottenstein\/wp-content\/uploads\/sites\/3\/2010\/10\/70146238006543827142_198.gif.jpg\"><img loading=\"lazy\" decoding=\"async\" class=\"aligncenter size-full wp-image-151\" title=\"taufe.gif\" src=\"https:\/\/wp.patrick-pospischil.de\/sbpottenstein\/wp-content\/uploads\/sites\/3\/2010\/10\/70146238006543827142_198.gif.jpg\" alt=\"\" width=\"198\" height=\"200\"><\/a> <strong>Eines<\/strong> der gr\u00f6\u00dften Wunder in der Sch\u00f6pfung ist der Mensch. Mit der Geburt eines Kindes begegnen wir dem unbegreiflichen und gro\u00dfartigen Geheimnis des Lebens. Mit und seit der Geburt Ihres Kindes haben Sie sicher freudvolle Erfahrungen in Ihrem Leben gemacht, vielleicht sogar einen neuen Lebensabschnitt begonnen. <strong>Der<\/strong> Mensch ist Gesch\u00f6pf Gottes. Das ist eine der ersten Aussagen der Heiligen Schrift. Gott will den Menschen, jeden Menschen. In der Taufe feiern wir, dass Gott jedes Kind annimmt und ihm eine Zukunft zusagt. <strong>Deshalb<\/strong> ist die Taufe wichtig. Wir m\u00f6chten Sie&nbsp;dar\u00fcber informieren, wie die Feier der Taufe und deren Vorbereitung in den katholischen Kirchen der Seelsorgeeinheit&nbsp; geregelt sind. <strong>Als<\/strong> Getaufte sind wir eingegliedert in die Kirchengemeinde, dem Volk Gottes. Daher gehen wir mit Ihnen in der Taufvorbereitung einen gemeinsamen Weg<\/p>\n<h3>Taufe eines Kindes<\/h3>\n<p>Eltern, die w\u00fcnschen, dass ihr Kind seinen Lebensweg mit Gott geht, bitten um die Taufe. Dabei bildet die Bereitschaft der Eltern zur christlichen Erziehung die Grundlage f\u00fcr die Taufe. Dass ein Kind, das getauft wird, ein S\u00e4ugling ist, ist keine Bedingung zur Taufe. Auch \u00e4ltere Kinder k\u00f6nnen getauft werden. Hier ist es gut m\u00f6glich die Eltern durch den Religionsunterricht bei ihrer Aufgabe zu unterst\u00fctzen.<\/p>\n<p><strong><u>Die monatlichen Tauftermine im&nbsp;Pfarreienverbund Pottenstein, Kirchenbirkig, Elbersberg, Hohenmirsberg und K\u00fchlenfels&nbsp; entnehmen Sie der \u00dcbersicht. Die Tauffeiern beginnen immer samstags um 14:00 Uhr<br \/>\n<\/u><\/strong><\/p>\n<p>24. Januar 2026 in St. Martin Hohenmirsberg<\/p>\n<p>28. Februar 2026 in St. Bartholom\u00e4us Pottenstein<\/p>\n<p>21. M\u00e4rz 2026 in St. Johannes Kirchenbirkig<\/p>\n<p>25. April 2026 in St. Jakobus Elbersberg<\/p>\n<p>30. Mai 2026 in St. Martin Hohenmirsberg<\/p>\n<p>20. Juni 2026 in St. Bartholom\u00e4us Pottenstein<\/p>\n<p>18. Juli 2026 in St. Johannes Kirchenbirkig<\/p>\n<h3>Wenn Sie selbst als Erwachsener getauft werden m\u00f6chten<\/h3>\n<p>So wie es schon ganz zu Anfang unserer Kirchengeschichte war, dass Erwachsene getauft wurden, die sich f\u00fcr den Glauben interessiert haben und die nach einer Vorbereitungszeit getauft wurden, ist es nat\u00fcrlich auch heute m\u00f6glich als Erwachsener getauft zu werden. Um genau zu besprechen, wie Sie sich auf Ihre Taufe vorbereiten k\u00f6nnen, wenden Sie sich bitte an Herrn Pfarrvikar Dominik Urban. 09243\/92130<\/p>\n","protected":false},"excerpt":{"rendered":"<p>Die Taufe meines Kindes feiern Eines der gr\u00f6\u00dften Wunder in der Sch\u00f6pfung ist der Mensch. Mit der Geburt eines Kindes begegnen wir dem unbegreiflichen und gro\u00dfartigen Geheimnis des Lebens. Mit und seit der Geburt Ihres Kindes haben Sie sicher freudvolle Erfahrungen in Ihrem Leben gemacht, vielleicht sogar einen neuen Lebensabschnitt begonnen. Der Mensch ist Gesch\u00f6pf [&hellip;]<\/p>\n","protected":false},"author":1,"featured_media":0,"parent":110,"menu_order":1,"comment_status":"closed","ping_status":"closed","template":"","meta":{"ngg_post_thumbnail":0,"footnotes":""},"class_list":["post-112","page","type-page","status-publish","hentry"],"publishpress_future_action":{"enabled":false,"date":"2026-05-06 03:59:48","action":"change-status","newStatus":"draft","terms":[],"taxonomy":""},"publishpress_future_workflow_manual_trigger":{"enabledWorkflows":[]},"_links":{"self":[{"href":"https:\/\/wp.patrick-pospischil.de\/sbpottenstein\/wp-json\/wp\/v2\/pages\/112","targetHints":{"allow":["GET"]}}],"collection":[{"href":"https:\/\/wp.patrick-pospischil.de\/sbpottenstein\/wp-json\/wp\/v2\/pages"}],"about":[{"href":"https:\/\/wp.patrick-pospischil.de\/sbpottenstein\/wp-json\/wp\/v2\/types\/page"}],"author":[{"embeddable":true,"href":"https:\/\/wp.patrick-pospischil.de\/sbpottenstein\/wp-json\/wp\/v2\/users\/1"}],"replies":[{"embeddable":true,"href":"https:\/\/wp.patrick-pospischil.de\/sbpottenstein\/wp-json\/wp\/v2\/comments?post=112"}],"version-history":[{"count":20,"href":"https:\/\/wp.patrick-pospischil.de\/sbpottenstein\/wp-json\/wp\/v2\/pages\/112\/revisions"}],"predecessor-version":[{"id":3479,"href":"https:\/\/wp.patrick-pospischil.de\/sbpottenstein\/wp-json\/wp\/v2\/pages\/112\/revisions\/3479"}],"up":[{"embeddable":true,"href":"https:\/\/wp.patrick-pospischil.de\/sbpottenstein\/wp-json\/wp\/v2\/pages\/110"}],"wp:attachment":[{"href":"https:\/\/wp.patrick-pospischil.de\/sbpottenstein\/wp-json\/wp\/v2\/media?parent=112"}],"curies":[{"name":"wp","href":"https:\/\/api.w.org\/{rel}","templated":true}]}}